{"id":72,"date":"2024-04-02T15:30:05","date_gmt":"2024-04-02T15:30:05","guid":{"rendered":"https:\/\/work-g-alb.firewebb.eu\/?page_id=72"},"modified":"2024-09-09T09:04:03","modified_gmt":"2024-09-09T09:04:03","slug":"history","status":"publish","type":"page","link":"https:\/\/innatrichis.com\/ro\/history\/","title":{"rendered":"History"},"content":{"rendered":"<div data-elementor-type=\"wp-page\" data-elementor-id=\"72\" class=\"elementor elementor-72\" data-elementor-post-type=\"page\">\n\t\t\t\t<div class=\"elementor-element elementor-element-3fea33d e-con-full e-flex e-con e-parent\" data-id=\"3fea33d\" data-element_type=\"container\" data-e-type=\"container\" data-settings=\"{&quot;background_background&quot;:&quot;classic&quot;}\" data-no-translation=\"\">\n\t\t\t\t<div class=\"elementor-element elementor-element-55c67a7 elementor-widget elementor-widget-heading\" data-id=\"55c67a7\" data-element_type=\"widget\" data-e-type=\"widget\" data-widget_type=\"heading.default\">\n\t\t\t\t<div class=\"elementor-widget-container\">\n\t\t\t\t\t<h1 class=\"elementor-heading-title elementor-size-default\">Istoric Richi\u0219<\/h1>\t\t\t\t<\/div>\n\t\t\t\t<\/div>\n\t\t\t\t<\/div>\n\t\t<div class=\"elementor-element elementor-element-19d47bc e-con-full e-flex e-con e-parent\" data-id=\"19d47bc\" data-element_type=\"container\" data-e-type=\"container\" id=\"fw_hero_border\" data-settings=\"{&quot;background_background&quot;:&quot;classic&quot;}\">\n\t\t\t\t<\/div>\n\t\t<div class=\"elementor-element elementor-element-50503c3 e-flex e-con-boxed e-con e-parent\" data-id=\"50503c3\" data-element_type=\"container\" data-e-type=\"container\" data-settings=\"{&quot;background_background&quot;:&quot;classic&quot;}\" data-no-translation=\"\">\n\t\t\t\t\t<div class=\"e-con-inner\">\n\t\t\t\t<div class=\"elementor-element elementor-element-aad7e80 elementor-widget elementor-widget-heading\" data-id=\"aad7e80\" data-element_type=\"widget\" data-e-type=\"widget\" data-widget_type=\"heading.default\">\n\t\t\t\t<div class=\"elementor-widget-container\">\n\t\t\t\t\t<h2 class=\"elementor-heading-title elementor-size-default\">Mo\u0219tenirea durabil\u0103<\/h2>\t\t\t\t<\/div>\n\t\t\t\t<\/div>\n\t\t\t\t<div class=\"elementor-element elementor-element-ed81802 elementor-widget elementor-widget-text-editor\" data-id=\"ed81802\" data-element_type=\"widget\" data-e-type=\"widget\" data-widget_type=\"text-editor.default\">\n\t\t\t\t<div class=\"elementor-widget-container\">\n\t\t\t\t\t\t\t\t\t<p>Satul Richis (Rechesdref \u00een dialect s\u0103sesc, Reichesdorf \u00een german\u0103 \u0219i Riomfalva \u00een maghiar\u0103) este situat \u00een inima Transilvaniei, aproape de ora\u0219ele medievale Sighi\u0219oara \u0219i Media\u0219. Transilvania este tradus\u0103 prin \u201edincolo de p\u0103dure\u201d, av\u00e2nd o istorie \u00eendelungat\u0103 fiind parte a multor imperii, inclusiv cel Otoman sau Imperiul Ausotr-Ungar.<\/p><p>Transilvania nu este doar o Regiune istoric\u0103&#8230; este un mod de via\u021b\u0103.<\/p>\t\t\t\t\t\t\t\t<\/div>\n\t\t\t\t<\/div>\n\t\t\t\t<div class=\"elementor-element elementor-element-62edd92 elementor-widget elementor-widget-image\" data-id=\"62edd92\" data-element_type=\"widget\" data-e-type=\"widget\" data-widget_type=\"image.default\">\n\t\t\t\t<div class=\"elementor-widget-container\">\n\t\t\t\t\t\t\t\t\t\t\t\t\t\t\t<img loading=\"lazy\" decoding=\"async\" width=\"2000\" height=\"1500\" src=\"https:\/\/innatrichis.com\/wp-content\/uploads\/2024\/06\/Inn-at-Richis-Drone-16.jpg\" class=\"attachment-full size-full wp-image-907\" alt=\"\" srcset=\"https:\/\/innatrichis.com\/wp-content\/uploads\/2024\/06\/Inn-at-Richis-Drone-16.jpg 2000w, https:\/\/innatrichis.com\/wp-content\/uploads\/2024\/06\/Inn-at-Richis-Drone-16-300x225.jpg 300w, https:\/\/innatrichis.com\/wp-content\/uploads\/2024\/06\/Inn-at-Richis-Drone-16-1024x768.jpg 1024w, https:\/\/innatrichis.com\/wp-content\/uploads\/2024\/06\/Inn-at-Richis-Drone-16-768x576.jpg 768w, https:\/\/innatrichis.com\/wp-content\/uploads\/2024\/06\/Inn-at-Richis-Drone-16-1536x1152.jpg 1536w, https:\/\/innatrichis.com\/wp-content\/uploads\/2024\/06\/Inn-at-Richis-Drone-16-16x12.jpg 16w\" sizes=\"auto, (max-width: 2000px) 100vw, 2000px\" \/>\t\t\t\t\t\t\t\t\t\t\t\t\t\t\t<\/div>\n\t\t\t\t<\/div>\n\t\t\t\t<div class=\"elementor-element elementor-element-79964be elementor-widget elementor-widget-text-editor\" data-id=\"79964be\" data-element_type=\"widget\" data-e-type=\"widget\" data-widget_type=\"text-editor.default\">\n\t\t\t\t<div class=\"elementor-widget-container\">\n\t\t\t\t\t\t\t\t\t<p>\u00cen perioada dintre secolele al XII-lea \u0219i al XVI-lea, de\u0219i Transilvania este \u00eenc\u0103 scena multor confrunt\u0103ri \u0219i \u00een ciuda contextului politic \u0219i militar \u00een care popula\u021bia este nevoit\u0103 s\u0103 supravie\u021buiasc\u0103, aceast\u0103 regiune cunoa\u0219te o evolu\u021bie cultural\u0103, religioas\u0103 \u0219i arhitectural\u0103.<\/p><p>Astfel, prin construirea \u0219i refacerea cet\u0103\u021bilor \u0219i bisericilor fortificate modelate dup\u0103 modelul s\u0103sesc folosit \u00een urm\u0103 cu mai bine de un mileniu de regele Alfred cel Mare \u00eempotriva vikingilor, sa\u0219ii \u00ee\u0219i ap\u0103r\u0103 via\u021ba \u0219i p\u0103m\u00e2nturile Transilvaniei, f\u0103r\u0103 s\u0103 \u0219tie ce mo\u0219tenire aveau s\u0103 lase lume.<\/p><p>Aceste cet\u0103\u021bi erau de fapt castele, biserici sau chiar ora\u0219e \u00eenconjurate de ziduri de ap\u0103rare \u00eempotriva atacurilor externe.<\/p><p>Cunoscute sub numele de Bisericile Fortificate ale Transilvaniei, peste 300 de cet\u0103\u021bi asem\u0103n\u0103toare supravie\u021buiesc \u00een s\u00e2nul carpatic al Transilvaniei. \u0218apte dintre satele \u00een care sunt situate aceste cet\u0103\u021bi fac parte din patrimoniul mondial Unesco, sub denumirea de &#8216;Siebenb\u00fcrgen&#8217; (www.whc.unesco.org)<\/p><p>Transilvania v\u0103 ofer\u0103 lini\u0219te \u00een timp ce v\u0103 plimba\u021bi prin paji\u0219tile din jur, \u00een satul Richi\u0219 sau prin satele \u00eenvecinate.<\/p>\t\t\t\t\t\t\t\t<\/div>\n\t\t\t\t<\/div>\n\t\t\t\t<div class=\"elementor-element elementor-element-5d9cd25 elementor-widget elementor-widget-image\" data-id=\"5d9cd25\" data-element_type=\"widget\" data-e-type=\"widget\" data-widget_type=\"image.default\">\n\t\t\t\t<div class=\"elementor-widget-container\">\n\t\t\t\t\t\t\t\t\t\t\t\t\t\t\t<img loading=\"lazy\" decoding=\"async\" width=\"2000\" height=\"1500\" src=\"https:\/\/innatrichis.com\/wp-content\/uploads\/2024\/06\/Inn-at-Richis-Drone-7.jpg\" class=\"attachment-full size-full wp-image-630\" alt=\"The Inn At Richis\" srcset=\"https:\/\/innatrichis.com\/wp-content\/uploads\/2024\/06\/Inn-at-Richis-Drone-7.jpg 2000w, https:\/\/innatrichis.com\/wp-content\/uploads\/2024\/06\/Inn-at-Richis-Drone-7-300x225.jpg 300w, https:\/\/innatrichis.com\/wp-content\/uploads\/2024\/06\/Inn-at-Richis-Drone-7-1024x768.jpg 1024w, https:\/\/innatrichis.com\/wp-content\/uploads\/2024\/06\/Inn-at-Richis-Drone-7-768x576.jpg 768w, https:\/\/innatrichis.com\/wp-content\/uploads\/2024\/06\/Inn-at-Richis-Drone-7-1536x1152.jpg 1536w, https:\/\/innatrichis.com\/wp-content\/uploads\/2024\/06\/Inn-at-Richis-Drone-7-16x12.jpg 16w\" sizes=\"auto, (max-width: 2000px) 100vw, 2000px\" \/>\t\t\t\t\t\t\t\t\t\t\t\t\t\t\t<\/div>\n\t\t\t\t<\/div>\n\t\t\t\t<div class=\"elementor-element elementor-element-3b5354f elementor-widget elementor-widget-heading\" data-id=\"3b5354f\" data-element_type=\"widget\" data-e-type=\"widget\" data-widget_type=\"heading.default\">\n\t\t\t\t<div class=\"elementor-widget-container\">\n\t\t\t\t\t<h2 class=\"elementor-heading-title elementor-size-default\">Siebenburgen \u0219i comorile sale urbane<\/h2>\t\t\t\t<\/div>\n\t\t\t\t<\/div>\n\t\t\t\t<div class=\"elementor-element elementor-element-6f424f7 elementor-widget elementor-widget-text-editor\" data-id=\"6f424f7\" data-element_type=\"widget\" data-e-type=\"widget\" data-widget_type=\"text-editor.default\">\n\t\t\t\t<div class=\"elementor-widget-container\">\n\t\t\t\t\t\t\t\t\t<p>Bucur\u00e2ndu-se de un \u00eenalt nivel de autonomie \u00een schimbul \u00eendatoririi de ap\u0103rare a regiunii Transilvaniei, sa\u0219ii au organizat \u0219i au creat \u0219apte scaune (unit\u0103\u021bi administrative), ceea ce avea s\u0103 devin\u0103 sediul Siebenburgen. \u00cen traducere literal\u0103, Siebenburgen \u00eenseamn\u0103 cele \u0219apte ora\u0219e, dar istoricii \u00eenc\u0103 dezbat asupra semnifica\u021biei acestui cuv\u00e2nt, mul\u021bi consider\u00e2nd c\u0103 este traducerea \u00een german\u0103 a numelui Transilvania. Totu\u015fi, generic, Siebenburgen este reprezentat de \u015eAPTE ora\u015fe s\u0103se\u015fti, cele \u015eAPTE comori urbane istorice: Sebe\u015f (dup\u0103 unele surse, Or\u0103\u015ftie), Sibiu, Media\u015f, Sighi\u015foara, Bra\u015fov, Bistri\u0163a \u015fi Cluj-Napoca.<\/p>\t\t\t\t\t\t\t\t<\/div>\n\t\t\t\t<\/div>\n\t\t\t\t<div class=\"elementor-element elementor-element-702c020 elementor-widget elementor-widget-image\" data-id=\"702c020\" data-element_type=\"widget\" data-e-type=\"widget\" data-widget_type=\"image.default\">\n\t\t\t\t<div class=\"elementor-widget-container\">\n\t\t\t\t\t\t\t\t\t\t\t\t\t\t\t<img loading=\"lazy\" decoding=\"async\" width=\"300\" height=\"300\" src=\"https:\/\/innatrichis.com\/wp-content\/uploads\/2024\/06\/Transylvania-Siebenburgen-logo-300x300.png\" class=\"attachment-medium size-medium wp-image-909\" alt=\"\" srcset=\"https:\/\/innatrichis.com\/wp-content\/uploads\/2024\/06\/Transylvania-Siebenburgen-logo-300x300.png 300w, https:\/\/innatrichis.com\/wp-content\/uploads\/2024\/06\/Transylvania-Siebenburgen-logo-1024x1024.png 1024w, https:\/\/innatrichis.com\/wp-content\/uploads\/2024\/06\/Transylvania-Siebenburgen-logo-150x150.png 150w, https:\/\/innatrichis.com\/wp-content\/uploads\/2024\/06\/Transylvania-Siebenburgen-logo-768x768.png 768w, https:\/\/innatrichis.com\/wp-content\/uploads\/2024\/06\/Transylvania-Siebenburgen-logo-1536x1536.png 1536w, https:\/\/innatrichis.com\/wp-content\/uploads\/2024\/06\/Transylvania-Siebenburgen-logo-12x12.png 12w, https:\/\/innatrichis.com\/wp-content\/uploads\/2024\/06\/Transylvania-Siebenburgen-logo.png 2048w\" sizes=\"auto, (max-width: 300px) 100vw, 300px\" \/>\t\t\t\t\t\t\t\t\t\t\t\t\t\t\t<\/div>\n\t\t\t\t<\/div>\n\t\t\t\t<div class=\"elementor-element elementor-element-5ee7115 elementor-widget elementor-widget-text-editor\" data-id=\"5ee7115\" data-element_type=\"widget\" data-e-type=\"widget\" data-widget_type=\"text-editor.default\">\n\t\t\t\t<div class=\"elementor-widget-container\">\n\t\t\t\t\t\t\t\t\t<p>Emblema zonei e reprezentat\u0103 de un vultur negru sau Turul cu fa\u021ba lui Dexter, un soare, cu un cic de aur \u0219i o limb\u0103 ro\u0219ie reprezent\u00e2nd nobilii maghiari, Soarele, Dexter \u0219i Semiluna reprezent\u00e2nd secuii. \u0218apte turnuri ro\u0219ii cu u\u0219i negre reprezent\u00e2nd cele \u0219apte ora\u0219e (cet\u0103\u021bi) fortificate ale sa\u0219ilor din Transilvania.<\/p>\t\t\t\t\t\t\t\t<\/div>\n\t\t\t\t<\/div>\n\t\t\t\t<div class=\"elementor-element elementor-element-d6d3fa4 elementor-widget elementor-widget-image\" data-id=\"d6d3fa4\" data-element_type=\"widget\" data-e-type=\"widget\" data-widget_type=\"image.default\">\n\t\t\t\t<div class=\"elementor-widget-container\">\n\t\t\t\t\t\t\t\t\t\t\t\t\t\t\t<img loading=\"lazy\" decoding=\"async\" width=\"960\" height=\"675\" src=\"https:\/\/innatrichis.com\/wp-content\/uploads\/2024\/06\/richis-history.jpg\" class=\"attachment-full size-full wp-image-957\" alt=\"\" srcset=\"https:\/\/innatrichis.com\/wp-content\/uploads\/2024\/06\/richis-history.jpg 960w, https:\/\/innatrichis.com\/wp-content\/uploads\/2024\/06\/richis-history-300x211.jpg 300w, https:\/\/innatrichis.com\/wp-content\/uploads\/2024\/06\/richis-history-768x540.jpg 768w, https:\/\/innatrichis.com\/wp-content\/uploads\/2024\/06\/richis-history-18x12.jpg 18w\" sizes=\"auto, (max-width: 960px) 100vw, 960px\" \/>\t\t\t\t\t\t\t\t\t\t\t\t\t\t\t<\/div>\n\t\t\t\t<\/div>\n\t\t\t\t<div class=\"elementor-element elementor-element-a5cef1e elementor-widget elementor-widget-heading\" data-id=\"a5cef1e\" data-element_type=\"widget\" data-e-type=\"widget\" data-widget_type=\"heading.default\">\n\t\t\t\t<div class=\"elementor-widget-container\">\n\t\t\t\t\t<h2 class=\"elementor-heading-title elementor-size-default\">Care este atrac\u021bia actual\u0103 a acestei zon transilv\u0103nene?<\/h2>\t\t\t\t<\/div>\n\t\t\t\t<\/div>\n\t\t\t\t<div class=\"elementor-element elementor-element-87cb0a9 elementor-widget elementor-widget-text-editor\" data-id=\"87cb0a9\" data-element_type=\"widget\" data-e-type=\"widget\" data-widget_type=\"text-editor.default\">\n\t\t\t\t<div class=\"elementor-widget-container\">\n\t\t\t\t\t\t\t\t\t<p>De la invita\u021bia de a v\u0103 familiariza cu istoria locurilor, a muzeelor cu colec\u021bii arheologice, etnografice, piese de patrimoniu din via\u021ba comunit\u0103\u021bii, p\u00e2n\u0103 la biserici cu clopote turnate pe acela\u0219i loc de secole, cet\u0103\u021bi sau castele cu vechime de secole, picturi murale, mobilier, altare \u0219i fascinante organe de biseric\u0103 nemodificate&#8230; toate v\u0103 a\u0219teapt\u0103 s\u0103 le descoperi\u021bi!<\/p>\t\t\t\t\t\t\t\t<\/div>\n\t\t\t\t<\/div>\n\t\t\t\t\t<\/div>\n\t\t\t\t<\/div>\n\t\t<div class=\"elementor-element elementor-element-8459216 e-con-full e-flex e-con e-parent\" data-id=\"8459216\" data-element_type=\"container\" data-e-type=\"container\">\n\t\t\t\t<div class=\"elementor-element elementor-element-6797dcb elementor-widget elementor-widget-shortcode\" data-id=\"6797dcb\" data-element_type=\"widget\" data-e-type=\"widget\" data-widget_type=\"shortcode.default\">\n\t\t\t\t<div class=\"elementor-widget-container\">\n\t\t\t\t\t\t\t<div class=\"elementor-shortcode\">\t\t<div data-elementor-type=\"section\" data-elementor-id=\"173\" class=\"elementor elementor-173\" data-elementor-post-type=\"elementor_library\">\n\t\t\t<div class=\"elementor-element elementor-element-c83d21a e-con-full e-flex e-con e-parent\" data-id=\"c83d21a\" data-element_type=\"container\" data-e-type=\"container\" data-settings=\"{&quot;background_background&quot;:&quot;classic&quot;}\" data-no-translation=\"\">\n\t\t<div class=\"elementor-element elementor-element-a32638d e-flex e-con-boxed e-con e-child\" data-id=\"a32638d\" data-element_type=\"container\" data-e-type=\"container\" data-no-translation=\"\">\n\t\t\t\t\t<div class=\"e-con-inner\">\n\t\t<div class=\"elementor-element elementor-element-5c6b786 e-flex e-con-boxed e-con e-child\" data-id=\"5c6b786\" data-element_type=\"container\" data-e-type=\"container\" data-settings=\"{&quot;background_background&quot;:&quot;classic&quot;,&quot;shape_divider_bottom&quot;:&quot;triangle&quot;,&quot;shape_divider_bottom_negative&quot;:&quot;yes&quot;}\">\n\t\t\t\t\t<div class=\"e-con-inner\">\n\t\t\t\t<div class=\"elementor-shape elementor-shape-bottom\" aria-hidden=\"true\" data-negative=\"true\">\n\t\t\t<svg xmlns=\"http:\/\/www.w3.org\/2000\/svg\" viewbox=\"0 0 1000 100\" preserveaspectratio=\"none\">\n\t<path class=\"elementor-shape-fill\" d=\"M500.2,94.7L0,0v100h1000V0L500.2,94.7z\"\/>\n<\/svg>\t\t<\/div>\n\t\t\t\t<div class=\"elementor-element elementor-element-42ac977 elementor-view-default elementor-widget elementor-widget-icon\" data-id=\"42ac977\" data-element_type=\"widget\" data-e-type=\"widget\" data-widget_type=\"icon.default\">\n\t\t\t\t<div class=\"elementor-widget-container\">\n\t\t\t\t\t\t\t<div class=\"elementor-icon-wrapper\">\n\t\t\t<div class=\"elementor-icon\">\n\t\t\t<svg aria-hidden=\"true\" class=\"e-font-icon-svg e-fas-star\" viewbox=\"0 0 576 512\" xmlns=\"http:\/\/www.w3.org\/2000\/svg\"><path d=\"M259.3 17.8L194 150.2 47.9 171.5c-26.2 3.8-36.7 36.1-17.7 54.6l105.7 103-25 145.5c-4.5 26.3 23.2 46 46.4 33.7L288 439.6l130.7 68.7c23.2 12.2 50.9-7.4 46.4-33.7l-25-145.5 105.7-103c19-18.5 8.5-50.8-17.7-54.6L382 150.2 316.7 17.8c-11.7-23.6-45.6-23.9-57.4 0z\"><\/path><\/svg>\t\t\t<\/div>\n\t\t<\/div>\n\t\t\t\t\t\t<\/div>\n\t\t\t\t<\/div>\n\t\t\t\t\t<\/div>\n\t\t\t\t<\/div>\n\t\t\t\t\t<\/div>\n\t\t\t\t<\/div>\n\t\t<div class=\"elementor-element elementor-element-f1cfd7d e-flex e-con-boxed e-con e-child\" data-id=\"f1cfd7d\" data-element_type=\"container\" data-e-type=\"container\" data-no-translation=\"\">\n\t\t\t\t\t<div class=\"e-con-inner\">\n\t\t\t\t<div class=\"elementor-element elementor-element-b9c6b61 elementor-widget elementor-widget-heading\" data-id=\"b9c6b61\" data-element_type=\"widget\" data-e-type=\"widget\" data-widget_type=\"heading.default\">\n\t\t\t\t<div class=\"elementor-widget-container\">\n\t\t\t\t\t<h2 class=\"elementor-heading-title elementor-size-default\">P\u0103rerile oaspe\u021bilor<\/h2>\t\t\t\t<\/div>\n\t\t\t\t<\/div>\n\t\t\t\t<div class=\"elementor-element elementor-element-aa13b3c elementor-testimonial--skin-default elementor-testimonial--layout-image_inline elementor-testimonial--align-center elementor-arrows-yes elementor-pagination-type-bullets elementor-widget elementor-widget-testimonial-carousel\" data-id=\"aa13b3c\" data-element_type=\"widget\" data-e-type=\"widget\" data-settings=\"{&quot;show_arrows&quot;:&quot;yes&quot;,&quot;pagination&quot;:&quot;bullets&quot;,&quot;speed&quot;:500,&quot;autoplay&quot;:&quot;yes&quot;,&quot;autoplay_speed&quot;:5000,&quot;loop&quot;:&quot;yes&quot;,&quot;pause_on_hover&quot;:&quot;yes&quot;,&quot;pause_on_interaction&quot;:&quot;yes&quot;,&quot;space_between&quot;:{&quot;unit&quot;:&quot;px&quot;,&quot;size&quot;:10,&quot;sizes&quot;:[]},&quot;space_between_tablet&quot;:{&quot;unit&quot;:&quot;px&quot;,&quot;size&quot;:10,&quot;sizes&quot;:[]},&quot;space_between_mobile&quot;:{&quot;unit&quot;:&quot;px&quot;,&quot;size&quot;:10,&quot;sizes&quot;:[]}}\" data-widget_type=\"testimonial-carousel.default\">\n\t\t\t\t<div class=\"elementor-widget-container\">\n\t\t\t\t\t\t\t\t\t<div class=\"elementor-swiper\">\n\t\t\t\t\t<div class=\"elementor-main-swiper swiper\" role=\"region\" aria-roledescription=\"carousel\" aria-label=\"Slides\">\n\t\t\t\t<div class=\"swiper-wrapper\">\n\t\t\t\t\t\t\t\t\t\t\t<div class=\"swiper-slide\" role=\"group\" aria-roledescription=\"slide\">\n\t\t\t\t\t\t\t\t\t<div class=\"elementor-testimonial\">\n\t\t\t\t\t\t\t<div class=\"elementor-testimonial__content\">\n\t\t\t\t\t<div class=\"elementor-testimonial__text\">\n\t\t\t\t\t\tUn loc extraordinar! Foarte relaxant \u0219i foarte cochet!\t\t\t\t\t<\/div>\n\t\t\t\t\t\t\t\t\t<\/div>\n\t\t\t\t\t\t<div class=\"elementor-testimonial__footer\">\n\t\t\t\t\t\t\t\t<cite class=\"elementor-testimonial__cite\"><span class=\"elementor-testimonial__name\">Andreea M.<\/span><\/cite>\t\t\t<\/div>\n\t\t<\/div>\n\t\t\t\t\t\t\t\t<\/div>\n\t\t\t\t\t\t\t\t\t\t\t<div class=\"swiper-slide\" role=\"group\" aria-roledescription=\"slide\">\n\t\t\t\t\t\t\t\t\t<div class=\"elementor-testimonial\">\n\t\t\t\t\t\t\t<div class=\"elementor-testimonial__content\">\n\t\t\t\t\t<div class=\"elementor-testimonial__text\">\n\t\t\t\t\t\tAm avut o experien\u021b\u0103 fantastic\u0103 aici. Am explorat \u00eemprejurimile li am descoperit frumoasa Sighi\u0219oara!\t\t\t\t\t<\/div>\n\t\t\t\t\t\t\t\t\t<\/div>\n\t\t\t\t\t\t<div class=\"elementor-testimonial__footer\">\n\t\t\t\t\t\t\t\t<cite class=\"elementor-testimonial__cite\"><span class=\"elementor-testimonial__name\">Mihai T.<\/span><\/cite>\t\t\t<\/div>\n\t\t<\/div>\n\t\t\t\t\t\t\t\t<\/div>\n\t\t\t\t\t\t\t\t\t\t\t<div class=\"swiper-slide\" role=\"group\" aria-roledescription=\"slide\">\n\t\t\t\t\t\t\t\t\t<div class=\"elementor-testimonial\">\n\t\t\t\t\t\t\t<div class=\"elementor-testimonial__content\">\n\t\t\t\t\t<div class=\"elementor-testimonial__text\">\n\t\t\t\t\t\tAm r\u0103mas total impresionat de Hanul de la Richi\u0219. Recomand cu mare \u00eencredere!\t\t\t\t\t<\/div>\n\t\t\t\t\t\t\t\t\t<\/div>\n\t\t\t\t\t\t<div class=\"elementor-testimonial__footer\">\n\t\t\t\t\t\t\t\t<cite class=\"elementor-testimonial__cite\"><span class=\"elementor-testimonial__name\">George N.<\/span><\/cite>\t\t\t<\/div>\n\t\t<\/div>\n\t\t\t\t\t\t\t\t<\/div>\n\t\t\t\t\t\t\t\t\t<\/div>\n\t\t\t\t\t\t\t\t\t\t\t\t\t\t\t<div class=\"elementor-swiper-button elementor-swiper-button-prev\" role=\"button\" tabindex=\"0\" aria-label=\"Previous\">\n\t\t\t\t\t\t\t<svg aria-hidden=\"true\" class=\"e-font-icon-svg e-eicon-chevron-left\" viewbox=\"0 0 1000 1000\" xmlns=\"http:\/\/www.w3.org\/2000\/svg\"><path d=\"M646 125C629 125 613 133 604 142L308 442C296 454 292 471 292 487 292 504 296 521 308 533L604 854C617 867 629 875 646 875 663 875 679 871 692 858 704 846 713 829 713 812 713 796 708 779 692 767L438 487 692 225C700 217 708 204 708 187 708 171 704 154 692 142 675 129 663 125 646 125Z\"><\/path><\/svg>\t\t\t\t\t\t<\/div>\n\t\t\t\t\t\t<div class=\"elementor-swiper-button elementor-swiper-button-next\" role=\"button\" tabindex=\"0\" aria-label=\"Next\">\n\t\t\t\t\t\t\t<svg aria-hidden=\"true\" class=\"e-font-icon-svg e-eicon-chevron-right\" viewbox=\"0 0 1000 1000\" xmlns=\"http:\/\/www.w3.org\/2000\/svg\"><path d=\"M696 533C708 521 713 504 713 487 713 471 708 454 696 446L400 146C388 133 375 125 354 125 338 125 325 129 313 142 300 154 292 171 292 187 292 204 296 221 308 233L563 492 304 771C292 783 288 800 288 817 288 833 296 850 308 863 321 871 338 875 354 875 371 875 388 867 400 854L696 533Z\"><\/path><\/svg>\t\t\t\t\t\t<\/div>\n\t\t\t\t\t\t\t\t\t\t\t\t\t\t\t\t<div class=\"swiper-pagination\"><\/div>\n\t\t\t\t\t\t\t\t\t\t\t\t<\/div>\n\t\t\t\t<\/div>\n\t\t\t\t\t\t\t\t<\/div>\n\t\t\t\t<\/div>\n\t\t\t\t\t<\/div>\n\t\t\t\t<\/div>\n\t\t\t\t<\/div>\n\t\t\t\t<\/div>\n\t\t<\/div>\n\t\t\t\t\t\t<\/div>\n\t\t\t\t<\/div>\n\t\t\t\t<\/div>\n\t\t\t\t<\/div>","protected":false},"excerpt":{"rendered":"<p>History of Richi\u0219 Istoric Richi\u0219 The Lasting Heritage The village of Richis, Romania-Rechesdref in Saxon dialect, Reichesdorf in German and Riomfalva in Hungarian, is located in the heart of Transylvania, close to the medieval towns of Sighisoara and Medias. Transylvania is translated to \u2018Beyond the Forest\u2019, having a lengthy history of being part of many [&hellip;]<\/p>\n","protected":false},"author":1,"featured_media":0,"parent":0,"menu_order":0,"comment_status":"closed","ping_status":"closed","template":"","meta":{"inline_featured_image":false,"footnotes":""},"class_list":["post-72","page","type-page","status-publish","hentry"],"_links":{"self":[{"href":"https:\/\/innatrichis.com\/ro\/wp-json\/wp\/v2\/pages\/72","targetHints":{"allow":["GET"]}}],"collection":[{"href":"https:\/\/innatrichis.com\/ro\/wp-json\/wp\/v2\/pages"}],"about":[{"href":"https:\/\/innatrichis.com\/ro\/wp-json\/wp\/v2\/types\/page"}],"author":[{"embeddable":true,"href":"https:\/\/innatrichis.com\/ro\/wp-json\/wp\/v2\/users\/1"}],"replies":[{"embeddable":true,"href":"https:\/\/innatrichis.com\/ro\/wp-json\/wp\/v2\/comments?post=72"}],"version-history":[{"count":109,"href":"https:\/\/innatrichis.com\/ro\/wp-json\/wp\/v2\/pages\/72\/revisions"}],"predecessor-version":[{"id":1464,"href":"https:\/\/innatrichis.com\/ro\/wp-json\/wp\/v2\/pages\/72\/revisions\/1464"}],"wp:attachment":[{"href":"https:\/\/innatrichis.com\/ro\/wp-json\/wp\/v2\/media?parent=72"}],"curies":[{"name":"wp","href":"https:\/\/api.w.org\/{rel}","templated":true}]}}