{"id":82,"date":"2024-04-02T15:30:34","date_gmt":"2024-04-02T15:30:34","guid":{"rendered":"https:\/\/work-g-alb.firewebb.eu\/?page_id=82"},"modified":"2025-01-22T09:41:59","modified_gmt":"2025-01-22T09:41:59","slug":"what-to-do","status":"publish","type":"page","link":"https:\/\/innatrichis.com\/ro\/what-to-do\/","title":{"rendered":"What to do"},"content":{"rendered":"<div data-elementor-type=\"wp-page\" data-elementor-id=\"82\" class=\"elementor elementor-82\" data-elementor-post-type=\"page\">\n\t\t\t\t<div class=\"elementor-element elementor-element-750084e e-con-full e-flex e-con e-parent\" data-id=\"750084e\" data-element_type=\"container\" data-e-type=\"container\" data-settings=\"{&quot;background_background&quot;:&quot;classic&quot;}\" data-no-translation=\"\">\n\t\t\t\t<div class=\"elementor-element elementor-element-0d54b47 elementor-widget elementor-widget-heading\" data-id=\"0d54b47\" data-element_type=\"widget\" data-e-type=\"widget\" data-widget_type=\"heading.default\">\n\t\t\t\t<div class=\"elementor-widget-container\">\n\t\t\t\t\t<h1 class=\"elementor-heading-title elementor-size-default\">Ce po\u021bi face c\u00e2nd vii la Richi\u0219<\/h1>\t\t\t\t<\/div>\n\t\t\t\t<\/div>\n\t\t\t\t<\/div>\n\t\t<div class=\"elementor-element elementor-element-bfb5704 e-con-full e-flex e-con e-parent\" data-id=\"bfb5704\" data-element_type=\"container\" data-e-type=\"container\" id=\"fw_hero_border\" data-settings=\"{&quot;background_background&quot;:&quot;classic&quot;}\">\n\t\t\t\t<\/div>\n\t\t<div class=\"elementor-element elementor-element-fd788bb e-con-full e-flex e-con e-parent\" data-id=\"fd788bb\" data-element_type=\"container\" data-e-type=\"container\" data-no-translation=\"\">\n\t\t<div class=\"elementor-element elementor-element-cbff36d e-con-full e-flex e-con e-child\" data-id=\"cbff36d\" data-element_type=\"container\" data-e-type=\"container\">\n\t\t\t\t<div class=\"elementor-element elementor-element-8390176 elementor-widget elementor-widget-image\" data-id=\"8390176\" data-element_type=\"widget\" data-e-type=\"widget\" data-widget_type=\"image.default\">\n\t\t\t\t<div class=\"elementor-widget-container\">\n\t\t\t\t\t\t\t\t\t\t\t\t\t\t\t<img loading=\"lazy\" decoding=\"async\" width=\"640\" height=\"480\" src=\"https:\/\/innatrichis.com\/wp-content\/uploads\/2024\/06\/whattodo.jpg\" class=\"attachment-medium_large size-medium_large wp-image-950\" alt=\"\" srcset=\"https:\/\/innatrichis.com\/wp-content\/uploads\/2024\/06\/whattodo.jpg 640w, https:\/\/innatrichis.com\/wp-content\/uploads\/2024\/06\/whattodo-300x225.jpg 300w, https:\/\/innatrichis.com\/wp-content\/uploads\/2024\/06\/whattodo-16x12.jpg 16w\" sizes=\"auto, (max-width: 640px) 100vw, 640px\" \/>\t\t\t\t\t\t\t\t\t\t\t\t\t\t\t<\/div>\n\t\t\t\t<\/div>\n\t\t\t\t<\/div>\n\t\t<div class=\"elementor-element elementor-element-40a81c1 e-con-full e-flex e-con e-child\" data-id=\"40a81c1\" data-element_type=\"container\" data-e-type=\"container\">\n\t\t\t\t<div class=\"elementor-element elementor-element-ed287c5 elementor-widget elementor-widget-heading\" data-id=\"ed287c5\" data-element_type=\"widget\" data-e-type=\"widget\" data-widget_type=\"heading.default\">\n\t\t\t\t<div class=\"elementor-widget-container\">\n\t\t\t\t\t<h2 class=\"elementor-heading-title elementor-size-default\">Dihni\u021bi-v\u0103, relaxa\u021bi-v\u0103, evada\u021bi \u0219i bucura\u021bi-v\u0103 de o escapad\u0103 romantic\u0103<\/h2>\t\t\t\t<\/div>\n\t\t\t\t<\/div>\n\t\t\t\t<div class=\"elementor-element elementor-element-60e69b9 elementor-widget elementor-widget-text-editor\" data-id=\"60e69b9\" data-element_type=\"widget\" data-e-type=\"widget\" data-widget_type=\"text-editor.default\">\n\t\t\t\t<div class=\"elementor-widget-container\">\n\t\t\t\t\t\t\t\t\t<p>Rela\u021bai-v\u0103 \u00een fa\u021ba \u0219emineului nostru de piatr\u0103 sorbind un pahar de vin rom\u00e2nesc, savur\u00e2nd o cea\u0219c\u0103 de cafea Nespresso sau o cea\u0219c\u0103 de Ceai artisanal din Vermont.<\/p><p>Poate v\u0103 decide\u021bi s\u0103 juca\u021bi un joc de \u0219ah sau dame, s\u0103 pune\u021bi cap la cap un puzzle din lemn Mozaic, s\u0103 juca\u021bi alte jocuri de societate sau s\u0103 deschide\u021bi o carte \u0219i s\u0103 evada\u021bi.<\/p><p>Veni\u021bi la Hanul de la Richi\u0219 \u0219i conecta\u021bi-v\u0103 cu lini\u0219tea Transilvaniei.<\/p><p>\u201eTransilvania este un mod de via\u021b\u0103\u201d \u00ae<\/p>\t\t\t\t\t\t\t\t<\/div>\n\t\t\t\t<\/div>\n\t\t\t\t<\/div>\n\t\t\t\t<\/div>\n\t\t<div class=\"elementor-element elementor-element-76506a0 e-con-full e-flex e-con e-parent\" data-id=\"76506a0\" data-element_type=\"container\" data-e-type=\"container\" data-no-translation=\"\">\n\t\t<div class=\"elementor-element elementor-element-69808e4 e-con-full e-flex e-con e-child\" data-id=\"69808e4\" data-element_type=\"container\" data-e-type=\"container\">\n\t\t\t\t<div class=\"elementor-element elementor-element-c9d043a elementor-widget elementor-widget-image\" data-id=\"c9d043a\" data-element_type=\"widget\" data-e-type=\"widget\" data-widget_type=\"image.default\">\n\t\t\t\t<div class=\"elementor-widget-container\">\n\t\t\t\t\t\t\t\t\t\t\t\t\t\t\t<img loading=\"lazy\" decoding=\"async\" width=\"848\" height=\"350\" src=\"https:\/\/innatrichis.com\/wp-content\/uploads\/2024\/04\/smiling-young-man-riding-bicycle-mountain-road.png\" class=\"attachment-full size-full wp-image-47\" alt=\"\" srcset=\"https:\/\/innatrichis.com\/wp-content\/uploads\/2024\/04\/smiling-young-man-riding-bicycle-mountain-road.png 848w, https:\/\/innatrichis.com\/wp-content\/uploads\/2024\/04\/smiling-young-man-riding-bicycle-mountain-road-300x124.png 300w, https:\/\/innatrichis.com\/wp-content\/uploads\/2024\/04\/smiling-young-man-riding-bicycle-mountain-road-768x317.png 768w\" sizes=\"auto, (max-width: 848px) 100vw, 848px\" \/>\t\t\t\t\t\t\t\t\t\t\t\t\t\t\t<\/div>\n\t\t\t\t<\/div>\n\t\t\t\t<\/div>\n\t\t<div class=\"elementor-element elementor-element-368ca52 e-con-full e-flex e-con e-child\" data-id=\"368ca52\" data-element_type=\"container\" data-e-type=\"container\">\n\t\t\t\t<div class=\"elementor-element elementor-element-15a1d5d elementor-widget elementor-widget-heading\" data-id=\"15a1d5d\" data-element_type=\"widget\" data-e-type=\"widget\" data-widget_type=\"heading.default\">\n\t\t\t\t<div class=\"elementor-widget-container\">\n\t\t\t\t\t<h2 class=\"elementor-heading-title elementor-size-default\">Ciclism<\/h2>\t\t\t\t<\/div>\n\t\t\t\t<\/div>\n\t\t\t\t<div class=\"elementor-element elementor-element-ab9ff51 elementor-widget elementor-widget-text-editor\" data-id=\"ab9ff51\" data-element_type=\"widget\" data-e-type=\"widget\" data-widget_type=\"text-editor.default\">\n\t\t\t\t<div class=\"elementor-widget-container\">\n\t\t\t\t\t\t\t\t\t<p>Urc\u0103-te pe una dintre bicicletele noastre, umple-\u021bi sticla de ap\u0103 \u0219i plimb\u0103-te pe drumurile \u0219i traseele frumoase ale Transilvaniei. Nu exist\u0103 o modalitate mai bun\u0103 de a admira peisajele uluitoare, bisericile s\u0103se\u0219ti, castelele, fermele locale \u0219i satele \u00eenvecinate dec\u00e2t pe una dintre bicicletele noastre \u00een timpul liber.<\/p>\t\t\t\t\t\t\t\t<\/div>\n\t\t\t\t<\/div>\n\t\t\t\t<\/div>\n\t\t\t\t<\/div>\n\t\t<div class=\"elementor-element elementor-element-ba6cd21 e-con-full e-flex e-con e-parent\" data-id=\"ba6cd21\" data-element_type=\"container\" data-e-type=\"container\" data-no-translation=\"\">\n\t\t<div class=\"elementor-element elementor-element-c4cf62b e-con-full e-flex e-con e-child\" data-id=\"c4cf62b\" data-element_type=\"container\" data-e-type=\"container\">\n\t\t\t\t<div class=\"elementor-element elementor-element-87168bf elementor-widget elementor-widget-image\" data-id=\"87168bf\" data-element_type=\"widget\" data-e-type=\"widget\" data-widget_type=\"image.default\">\n\t\t\t\t<div class=\"elementor-widget-container\">\n\t\t\t\t\t\t\t\t\t\t\t\t\t\t\t<img loading=\"lazy\" decoding=\"async\" width=\"1260\" height=\"350\" src=\"https:\/\/innatrichis.com\/wp-content\/uploads\/2024\/04\/beautiful-shot-female-hiker-hiking-mountain-blue-sky-summer.png\" class=\"attachment-full size-full wp-image-12\" alt=\"\" srcset=\"https:\/\/innatrichis.com\/wp-content\/uploads\/2024\/04\/beautiful-shot-female-hiker-hiking-mountain-blue-sky-summer.png 1260w, https:\/\/innatrichis.com\/wp-content\/uploads\/2024\/04\/beautiful-shot-female-hiker-hiking-mountain-blue-sky-summer-300x83.png 300w, https:\/\/innatrichis.com\/wp-content\/uploads\/2024\/04\/beautiful-shot-female-hiker-hiking-mountain-blue-sky-summer-1024x284.png 1024w, https:\/\/innatrichis.com\/wp-content\/uploads\/2024\/04\/beautiful-shot-female-hiker-hiking-mountain-blue-sky-summer-768x213.png 768w\" sizes=\"auto, (max-width: 1260px) 100vw, 1260px\" \/>\t\t\t\t\t\t\t\t\t\t\t\t\t\t\t<\/div>\n\t\t\t\t<\/div>\n\t\t\t\t<\/div>\n\t\t<div class=\"elementor-element elementor-element-05f8348 e-con-full e-flex e-con e-child\" data-id=\"05f8348\" data-element_type=\"container\" data-e-type=\"container\">\n\t\t\t\t<div class=\"elementor-element elementor-element-f66382e elementor-widget elementor-widget-heading\" data-id=\"f66382e\" data-element_type=\"widget\" data-e-type=\"widget\" data-widget_type=\"heading.default\">\n\t\t\t\t<div class=\"elementor-widget-container\">\n\t\t\t\t\t<h2 class=\"elementor-heading-title elementor-size-default\">Drume\u021bii<\/h2>\t\t\t\t<\/div>\n\t\t\t\t<\/div>\n\t\t\t\t<div class=\"elementor-element elementor-element-c1ddda6 elementor-widget elementor-widget-text-editor\" data-id=\"c1ddda6\" data-element_type=\"widget\" data-e-type=\"widget\" data-widget_type=\"text-editor.default\">\n\t\t\t\t<div class=\"elementor-widget-container\">\n\t\t\t\t\t\t\t\t\t<p>Aventuri \u00een drume\u021bii v\u0103 a\u0219teapt\u0103 aici \u00een jurul Hanului de la Richi\u0219. Opri\u021bi telefoanele \u0219i \u00eembr\u0103ca\u021bi-v\u0103 cei mai buni pantofi de drume\u021bie \u00eempreun\u0103 cu unul dintre bastoanele noastre tradi\u021bionale de cioban \u0219i nu uita\u021bi camera de fotografiat. Ve\u021bi descoperi priveli\u0219ti uluitoare, sate pitore\u0219ti, faun\u0103 s\u0103lbatic\u0103 grozave, plante s\u0103lbatice uice \u00een Europa \u0219i peisaje rural nealterate. V\u0103 vom ajuta cu pl\u0103cere s\u0103 alege\u021bi traseul perfect!<\/p>\t\t\t\t\t\t\t\t<\/div>\n\t\t\t\t<\/div>\n\t\t\t\t<\/div>\n\t\t\t\t<\/div>\n\t\t<div class=\"elementor-element elementor-element-ce32455 e-con-full e-flex e-con e-parent\" data-id=\"ce32455\" data-element_type=\"container\" data-e-type=\"container\" data-no-translation=\"\">\n\t\t<div class=\"elementor-element elementor-element-726e650 e-con-full e-flex e-con e-child\" data-id=\"726e650\" data-element_type=\"container\" data-e-type=\"container\">\n\t\t\t\t<div class=\"elementor-element elementor-element-dc06c0c elementor-widget elementor-widget-image\" data-id=\"dc06c0c\" data-element_type=\"widget\" data-e-type=\"widget\" data-widget_type=\"image.default\">\n\t\t\t\t<div class=\"elementor-widget-container\">\n\t\t\t\t\t\t\t\t\t\t\t\t\t\t\t<img loading=\"lazy\" decoding=\"async\" width=\"848\" height=\"350\" src=\"https:\/\/innatrichis.com\/wp-content\/uploads\/2024\/04\/Siebenburgen.png\" class=\"attachment-full size-full wp-image-46\" alt=\"\" srcset=\"https:\/\/innatrichis.com\/wp-content\/uploads\/2024\/04\/Siebenburgen.png 848w, https:\/\/innatrichis.com\/wp-content\/uploads\/2024\/04\/Siebenburgen-300x124.png 300w, https:\/\/innatrichis.com\/wp-content\/uploads\/2024\/04\/Siebenburgen-768x317.png 768w\" sizes=\"auto, (max-width: 848px) 100vw, 848px\" \/>\t\t\t\t\t\t\t\t\t\t\t\t\t\t\t<\/div>\n\t\t\t\t<\/div>\n\t\t\t\t<\/div>\n\t\t<div class=\"elementor-element elementor-element-d3a870f e-con-full e-flex e-con e-child\" data-id=\"d3a870f\" data-element_type=\"container\" data-e-type=\"container\">\n\t\t\t\t<div class=\"elementor-element elementor-element-b411b37 elementor-widget elementor-widget-heading\" data-id=\"b411b37\" data-element_type=\"widget\" data-e-type=\"widget\" data-widget_type=\"heading.default\">\n\t\t\t\t<div class=\"elementor-widget-container\">\n\t\t\t\t\t<h2 class=\"elementor-heading-title elementor-size-default\">Vizita\u021bi satele medievale\n<\/h2>\t\t\t\t<\/div>\n\t\t\t\t<\/div>\n\t\t\t\t<div class=\"elementor-element elementor-element-805f1fc elementor-widget elementor-widget-text-editor\" data-id=\"805f1fc\" data-element_type=\"widget\" data-e-type=\"widget\" data-widget_type=\"text-editor.default\">\n\t\t\t\t<div class=\"elementor-widget-container\">\n\t\t\t\t\t\t\t\t\t<p>\u00cen Transilvania exist\u0103 peste 300 de sate s\u0103se\u0219ti. \u00cencep\u00e2nd cu Richi\u0219, Cop\u0219a Mare, Biertan, Valchid, Peli\u0219or, Alma Vii, Brateiu, Mo\u0219na, Valea Viilor, Media\u0219, Nem\u0219a \u0219i Sighi\u0219oara&#8230; ca s\u0103 numim doar c\u00e2teva, fiecare cu istoria, atributele \u0219i frumuse\u021bea lor.<\/p>\t\t\t\t\t\t\t\t<\/div>\n\t\t\t\t<\/div>\n\t\t\t\t<\/div>\n\t\t\t\t<\/div>\n\t\t<div class=\"elementor-element elementor-element-36ec398 e-con-full e-flex e-con e-parent\" data-id=\"36ec398\" data-element_type=\"container\" data-e-type=\"container\" data-no-translation=\"\">\n\t\t<div class=\"elementor-element elementor-element-c1dd39b e-con-full e-flex e-con e-child\" data-id=\"c1dd39b\" data-element_type=\"container\" data-e-type=\"container\">\n\t\t\t\t<div class=\"elementor-element elementor-element-4b73197 elementor-widget elementor-widget-image\" data-id=\"4b73197\" data-element_type=\"widget\" data-e-type=\"widget\" data-widget_type=\"image.default\">\n\t\t\t\t<div class=\"elementor-widget-container\">\n\t\t\t\t\t\t\t\t\t\t\t\t\t\t\t<img loading=\"lazy\" decoding=\"async\" width=\"848\" height=\"350\" src=\"https:\/\/innatrichis.com\/wp-content\/uploads\/2024\/04\/deer-stew-bowl-hunting-weapon-as-decoration.png\" class=\"attachment-full size-full wp-image-13\" alt=\"\" srcset=\"https:\/\/innatrichis.com\/wp-content\/uploads\/2024\/04\/deer-stew-bowl-hunting-weapon-as-decoration.png 848w, https:\/\/innatrichis.com\/wp-content\/uploads\/2024\/04\/deer-stew-bowl-hunting-weapon-as-decoration-300x124.png 300w, https:\/\/innatrichis.com\/wp-content\/uploads\/2024\/04\/deer-stew-bowl-hunting-weapon-as-decoration-768x317.png 768w\" sizes=\"auto, (max-width: 848px) 100vw, 848px\" \/>\t\t\t\t\t\t\t\t\t\t\t\t\t\t\t<\/div>\n\t\t\t\t<\/div>\n\t\t\t\t<\/div>\n\t\t<div class=\"elementor-element elementor-element-fb08f8e e-con-full e-flex e-con e-child\" data-id=\"fb08f8e\" data-element_type=\"container\" data-e-type=\"container\">\n\t\t\t\t<div class=\"elementor-element elementor-element-2d183f3 elementor-widget elementor-widget-heading\" data-id=\"2d183f3\" data-element_type=\"widget\" data-e-type=\"widget\" data-widget_type=\"heading.default\">\n\t\t\t\t<div class=\"elementor-widget-container\">\n\t\t\t\t\t<h2 class=\"elementor-heading-title elementor-size-default\">Buc\u0103t\u0103ria tradi\u021bional\u0103<\/h2>\t\t\t\t<\/div>\n\t\t\t\t<\/div>\n\t\t\t\t<div class=\"elementor-element elementor-element-fde7065 elementor-widget elementor-widget-text-editor\" data-id=\"fde7065\" data-element_type=\"widget\" data-e-type=\"widget\" data-widget_type=\"text-editor.default\">\n\t\t\t\t<div class=\"elementor-widget-container\">\n\t\t\t\t\t\t\t\t\t<p>Buc\u0103t\u0103ria Transilvaniei este o tradi\u021bie culinar\u0103 pentru sa\u0219ii din Transilvania. Este un tip de buc\u0103t\u0103rie care \u00eemp\u0103rt\u0103\u0219e\u0219te multe asem\u0103n\u0103ri cu cea rom\u00e2neasc\u0103 \u0219i german\u0103, av\u00e2nd \u00een vedere secolele de influen\u021b\u0103 reciproc\u0103 de lung\u0103 durat\u0103 \u0219i habitare \u00eentre sa\u0219ii \u0219i rom\u00e2nii din Transilvania, evolu\u00e2nd din Evul Mediu p\u00e2n\u0103 \u00een zilele noastre. C\u00e2teva exemple populare sunt c\u00e2rna\u021bii cu usturoi la gr\u0103tar, ciorba de fasole, ciorba de legume, gula\u0219ul maghiar, sarmalele cu carne de porc \u0219i orez, m\u0103m\u0103lig\u0103, cozanacul dulce \u0219i faimo\u0219ii papana\u0219i (gogo\u0219i acoperi\u021bi cu sm\u00e2nt\u00e2n\u0103 dulcea\u021b\u0103 (mure sau fructe de p\u0103dure).<\/p>\t\t\t\t\t\t\t\t<\/div>\n\t\t\t\t<\/div>\n\t\t\t\t<\/div>\n\t\t\t\t<\/div>\n\t\t<div class=\"elementor-element elementor-element-916793a e-flex e-con-boxed e-con e-parent\" data-id=\"916793a\" data-element_type=\"container\" data-e-type=\"container\" data-no-translation=\"\">\n\t\t\t\t\t<div class=\"e-con-inner\">\n\t\t\t\t<div class=\"elementor-element elementor-element-b57bba8 elementor-widget__width-auto elementor-align-center elementor-widget elementor-widget-button\" data-id=\"b57bba8\" data-element_type=\"widget\" data-e-type=\"widget\" data-widget_type=\"button.default\">\n\t\t\t\t<div class=\"elementor-widget-container\">\n\t\t\t\t\t\t\t\t\t<div class=\"elementor-button-wrapper\">\n\t\t\t\t\t<a class=\"elementor-button elementor-button-link elementor-size-sm\" href=\"https:\/\/resnexus.com\/resnexus\/reservations\/book\/318AA46A-C0B9-42C6-8A5E-6F74C71EDFC1?\" target=\"_blank\" rel=\"noopener\">\n\t\t\t\t\t\t<span class=\"elementor-button-content-wrapper\">\n\t\t\t\t\t\t\t\t\t<span class=\"elementor-button-text\">Rezerv\u0103 acum<\/span>\n\t\t\t\t\t<\/span>\n\t\t\t\t\t<\/a>\n\t\t\t\t<\/div>\n\t\t\t\t\t\t\t\t<\/div>\n\t\t\t\t<\/div>\n\t\t\t\t\t<\/div>\n\t\t\t\t<\/div>\n\t\t<div class=\"elementor-element elementor-element-06095ef e-con-full e-flex e-con e-parent\" data-id=\"06095ef\" data-element_type=\"container\" data-e-type=\"container\">\n\t\t\t\t<div class=\"elementor-element elementor-element-0ad9d49 elementor-widget elementor-widget-shortcode\" data-id=\"0ad9d49\" data-element_type=\"widget\" data-e-type=\"widget\" data-widget_type=\"shortcode.default\">\n\t\t\t\t<div class=\"elementor-widget-container\">\n\t\t\t\t\t\t\t<div class=\"elementor-shortcode\">\t\t<div data-elementor-type=\"section\" data-elementor-id=\"173\" class=\"elementor elementor-173\" data-elementor-post-type=\"elementor_library\">\n\t\t\t<div class=\"elementor-element elementor-element-c83d21a e-con-full e-flex e-con e-parent\" data-id=\"c83d21a\" data-element_type=\"container\" data-e-type=\"container\" data-settings=\"{&quot;background_background&quot;:&quot;classic&quot;}\" data-no-translation=\"\">\n\t\t<div class=\"elementor-element elementor-element-a32638d e-flex e-con-boxed e-con e-child\" data-id=\"a32638d\" data-element_type=\"container\" data-e-type=\"container\" data-no-translation=\"\">\n\t\t\t\t\t<div class=\"e-con-inner\">\n\t\t<div class=\"elementor-element elementor-element-5c6b786 e-flex e-con-boxed e-con e-child\" data-id=\"5c6b786\" data-element_type=\"container\" data-e-type=\"container\" data-settings=\"{&quot;background_background&quot;:&quot;classic&quot;,&quot;shape_divider_bottom&quot;:&quot;triangle&quot;,&quot;shape_divider_bottom_negative&quot;:&quot;yes&quot;}\">\n\t\t\t\t\t<div class=\"e-con-inner\">\n\t\t\t\t<div class=\"elementor-shape elementor-shape-bottom\" aria-hidden=\"true\" data-negative=\"true\">\n\t\t\t<svg xmlns=\"http:\/\/www.w3.org\/2000\/svg\" viewbox=\"0 0 1000 100\" preserveaspectratio=\"none\">\n\t<path class=\"elementor-shape-fill\" d=\"M500.2,94.7L0,0v100h1000V0L500.2,94.7z\"\/>\n<\/svg>\t\t<\/div>\n\t\t\t\t<div class=\"elementor-element elementor-element-42ac977 elementor-view-default elementor-widget elementor-widget-icon\" data-id=\"42ac977\" data-element_type=\"widget\" data-e-type=\"widget\" data-widget_type=\"icon.default\">\n\t\t\t\t<div class=\"elementor-widget-container\">\n\t\t\t\t\t\t\t<div class=\"elementor-icon-wrapper\">\n\t\t\t<div class=\"elementor-icon\">\n\t\t\t<svg aria-hidden=\"true\" class=\"e-font-icon-svg e-fas-star\" viewbox=\"0 0 576 512\" xmlns=\"http:\/\/www.w3.org\/2000\/svg\"><path d=\"M259.3 17.8L194 150.2 47.9 171.5c-26.2 3.8-36.7 36.1-17.7 54.6l105.7 103-25 145.5c-4.5 26.3 23.2 46 46.4 33.7L288 439.6l130.7 68.7c23.2 12.2 50.9-7.4 46.4-33.7l-25-145.5 105.7-103c19-18.5 8.5-50.8-17.7-54.6L382 150.2 316.7 17.8c-11.7-23.6-45.6-23.9-57.4 0z\"><\/path><\/svg>\t\t\t<\/div>\n\t\t<\/div>\n\t\t\t\t\t\t<\/div>\n\t\t\t\t<\/div>\n\t\t\t\t\t<\/div>\n\t\t\t\t<\/div>\n\t\t\t\t\t<\/div>\n\t\t\t\t<\/div>\n\t\t<div class=\"elementor-element elementor-element-f1cfd7d e-flex e-con-boxed e-con e-child\" data-id=\"f1cfd7d\" data-element_type=\"container\" data-e-type=\"container\" data-no-translation=\"\">\n\t\t\t\t\t<div class=\"e-con-inner\">\n\t\t\t\t<div class=\"elementor-element elementor-element-b9c6b61 elementor-widget elementor-widget-heading\" data-id=\"b9c6b61\" data-element_type=\"widget\" data-e-type=\"widget\" data-widget_type=\"heading.default\">\n\t\t\t\t<div class=\"elementor-widget-container\">\n\t\t\t\t\t<h2 class=\"elementor-heading-title elementor-size-default\">P\u0103rerile oaspe\u021bilor<\/h2>\t\t\t\t<\/div>\n\t\t\t\t<\/div>\n\t\t\t\t<div class=\"elementor-element elementor-element-aa13b3c elementor-testimonial--skin-default elementor-testimonial--layout-image_inline elementor-testimonial--align-center elementor-arrows-yes elementor-pagination-type-bullets elementor-widget elementor-widget-testimonial-carousel\" data-id=\"aa13b3c\" data-element_type=\"widget\" data-e-type=\"widget\" data-settings=\"{&quot;show_arrows&quot;:&quot;yes&quot;,&quot;pagination&quot;:&quot;bullets&quot;,&quot;speed&quot;:500,&quot;autoplay&quot;:&quot;yes&quot;,&quot;autoplay_speed&quot;:5000,&quot;loop&quot;:&quot;yes&quot;,&quot;pause_on_hover&quot;:&quot;yes&quot;,&quot;pause_on_interaction&quot;:&quot;yes&quot;,&quot;space_between&quot;:{&quot;unit&quot;:&quot;px&quot;,&quot;size&quot;:10,&quot;sizes&quot;:[]},&quot;space_between_tablet&quot;:{&quot;unit&quot;:&quot;px&quot;,&quot;size&quot;:10,&quot;sizes&quot;:[]},&quot;space_between_mobile&quot;:{&quot;unit&quot;:&quot;px&quot;,&quot;size&quot;:10,&quot;sizes&quot;:[]}}\" data-widget_type=\"testimonial-carousel.default\">\n\t\t\t\t<div class=\"elementor-widget-container\">\n\t\t\t\t\t\t\t\t\t<div class=\"elementor-swiper\">\n\t\t\t\t\t<div class=\"elementor-main-swiper swiper\" role=\"region\" aria-roledescription=\"carousel\" aria-label=\"Slides\">\n\t\t\t\t<div class=\"swiper-wrapper\">\n\t\t\t\t\t\t\t\t\t\t\t<div class=\"swiper-slide\" role=\"group\" aria-roledescription=\"slide\">\n\t\t\t\t\t\t\t\t\t<div class=\"elementor-testimonial\">\n\t\t\t\t\t\t\t<div class=\"elementor-testimonial__content\">\n\t\t\t\t\t<div class=\"elementor-testimonial__text\">\n\t\t\t\t\t\tUn loc extraordinar! Foarte relaxant \u0219i foarte cochet!\t\t\t\t\t<\/div>\n\t\t\t\t\t\t\t\t\t<\/div>\n\t\t\t\t\t\t<div class=\"elementor-testimonial__footer\">\n\t\t\t\t\t\t\t\t<cite class=\"elementor-testimonial__cite\"><span class=\"elementor-testimonial__name\">Andreea M.<\/span><\/cite>\t\t\t<\/div>\n\t\t<\/div>\n\t\t\t\t\t\t\t\t<\/div>\n\t\t\t\t\t\t\t\t\t\t\t<div class=\"swiper-slide\" role=\"group\" aria-roledescription=\"slide\">\n\t\t\t\t\t\t\t\t\t<div class=\"elementor-testimonial\">\n\t\t\t\t\t\t\t<div class=\"elementor-testimonial__content\">\n\t\t\t\t\t<div class=\"elementor-testimonial__text\">\n\t\t\t\t\t\tAm avut o experien\u021b\u0103 fantastic\u0103 aici. Am explorat \u00eemprejurimile li am descoperit frumoasa Sighi\u0219oara!\t\t\t\t\t<\/div>\n\t\t\t\t\t\t\t\t\t<\/div>\n\t\t\t\t\t\t<div class=\"elementor-testimonial__footer\">\n\t\t\t\t\t\t\t\t<cite class=\"elementor-testimonial__cite\"><span class=\"elementor-testimonial__name\">Mihai T.<\/span><\/cite>\t\t\t<\/div>\n\t\t<\/div>\n\t\t\t\t\t\t\t\t<\/div>\n\t\t\t\t\t\t\t\t\t\t\t<div class=\"swiper-slide\" role=\"group\" aria-roledescription=\"slide\">\n\t\t\t\t\t\t\t\t\t<div class=\"elementor-testimonial\">\n\t\t\t\t\t\t\t<div class=\"elementor-testimonial__content\">\n\t\t\t\t\t<div class=\"elementor-testimonial__text\">\n\t\t\t\t\t\tAm r\u0103mas total impresionat de Hanul de la Richi\u0219. Recomand cu mare \u00eencredere!\t\t\t\t\t<\/div>\n\t\t\t\t\t\t\t\t\t<\/div>\n\t\t\t\t\t\t<div class=\"elementor-testimonial__footer\">\n\t\t\t\t\t\t\t\t<cite class=\"elementor-testimonial__cite\"><span class=\"elementor-testimonial__name\">George N.<\/span><\/cite>\t\t\t<\/div>\n\t\t<\/div>\n\t\t\t\t\t\t\t\t<\/div>\n\t\t\t\t\t\t\t\t\t<\/div>\n\t\t\t\t\t\t\t\t\t\t\t\t\t\t\t<div class=\"elementor-swiper-button elementor-swiper-button-prev\" role=\"button\" tabindex=\"0\" aria-label=\"Previous\">\n\t\t\t\t\t\t\t<svg aria-hidden=\"true\" class=\"e-font-icon-svg e-eicon-chevron-left\" viewbox=\"0 0 1000 1000\" xmlns=\"http:\/\/www.w3.org\/2000\/svg\"><path d=\"M646 125C629 125 613 133 604 142L308 442C296 454 292 471 292 487 292 504 296 521 308 533L604 854C617 867 629 875 646 875 663 875 679 871 692 858 704 846 713 829 713 812 713 796 708 779 692 767L438 487 692 225C700 217 708 204 708 187 708 171 704 154 692 142 675 129 663 125 646 125Z\"><\/path><\/svg>\t\t\t\t\t\t<\/div>\n\t\t\t\t\t\t<div class=\"elementor-swiper-button elementor-swiper-button-next\" role=\"button\" tabindex=\"0\" aria-label=\"Next\">\n\t\t\t\t\t\t\t<svg aria-hidden=\"true\" class=\"e-font-icon-svg e-eicon-chevron-right\" viewbox=\"0 0 1000 1000\" xmlns=\"http:\/\/www.w3.org\/2000\/svg\"><path d=\"M696 533C708 521 713 504 713 487 713 471 708 454 696 446L400 146C388 133 375 125 354 125 338 125 325 129 313 142 300 154 292 171 292 187 292 204 296 221 308 233L563 492 304 771C292 783 288 800 288 817 288 833 296 850 308 863 321 871 338 875 354 875 371 875 388 867 400 854L696 533Z\"><\/path><\/svg>\t\t\t\t\t\t<\/div>\n\t\t\t\t\t\t\t\t\t\t\t\t\t\t\t\t<div class=\"swiper-pagination\"><\/div>\n\t\t\t\t\t\t\t\t\t\t\t\t<\/div>\n\t\t\t\t<\/div>\n\t\t\t\t\t\t\t\t<\/div>\n\t\t\t\t<\/div>\n\t\t\t\t\t<\/div>\n\t\t\t\t<\/div>\n\t\t\t\t<\/div>\n\t\t\t\t<\/div>\n\t\t<\/div>\n\t\t\t\t\t\t<\/div>\n\t\t\t\t<\/div>\n\t\t\t\t<\/div>\n\t\t\t\t<\/div>","protected":false},"excerpt":{"rendered":"<p>What to do Ce po\u021bi face c\u00e2nd vii la Richi\u0219 Rest, Relax, Escape &amp; Enjoy a Romantic Getaway See yourself sitting in front of our large stone fireplace sipping on a glass of Romanian wine, enjoying a cup of Nespresso coffee or a cup of Vermont Artisan Tea and just relaxing. Maybe you decide to [&hellip;]<\/p>\n","protected":false},"author":1,"featured_media":0,"parent":0,"menu_order":0,"comment_status":"closed","ping_status":"closed","template":"","meta":{"inline_featured_image":false,"footnotes":""},"class_list":["post-82","page","type-page","status-publish","hentry"],"_links":{"self":[{"href":"https:\/\/innatrichis.com\/ro\/wp-json\/wp\/v2\/pages\/82","targetHints":{"allow":["GET"]}}],"collection":[{"href":"https:\/\/innatrichis.com\/ro\/wp-json\/wp\/v2\/pages"}],"about":[{"href":"https:\/\/innatrichis.com\/ro\/wp-json\/wp\/v2\/types\/page"}],"author":[{"embeddable":true,"href":"https:\/\/innatrichis.com\/ro\/wp-json\/wp\/v2\/users\/1"}],"replies":[{"embeddable":true,"href":"https:\/\/innatrichis.com\/ro\/wp-json\/wp\/v2\/comments?post=82"}],"version-history":[{"count":136,"href":"https:\/\/innatrichis.com\/ro\/wp-json\/wp\/v2\/pages\/82\/revisions"}],"predecessor-version":[{"id":1553,"href":"https:\/\/innatrichis.com\/ro\/wp-json\/wp\/v2\/pages\/82\/revisions\/1553"}],"wp:attachment":[{"href":"https:\/\/innatrichis.com\/ro\/wp-json\/wp\/v2\/media?parent=82"}],"curies":[{"name":"wp","href":"https:\/\/api.w.org\/{rel}","templated":true}]}}